{"id":1468,"date":"2019-09-11T14:02:49","date_gmt":"2019-09-11T14:02:49","guid":{"rendered":"https:\/\/www.nedersail.nl\/?page_id=1468"},"modified":"2024-01-20T17:30:34","modified_gmt":"2024-01-20T17:30:34","slug":"motorboot-huren","status":"publish","type":"page","link":"https:\/\/www.nedersail.nl\/de\/motorboot-huren\/","title":{"rendered":"Motoryachten"},"content":{"rendered":"<div data-elementor-type=\"wp-page\" data-elementor-id=\"1468\" class=\"elementor elementor-1468\">\n\t\t\t\t\t\t<div class=\"elementor-inner\">\n\t\t\t\t<div class=\"elementor-section-wrap\">\n\t\t\t\t\t\t\t\t\t<section class=\"elementor-section elementor-top-section elementor-element elementor-element-fb71102 elementor-section-boxed elementor-section-height-default elementor-section-height-default\" data-id=\"fb71102\" data-element_type=\"section\" data-settings=\"{&quot;background_background&quot;:&quot;slideshow&quot;,&quot;background_slideshow_gallery&quot;:[{&quot;id&quot;:1568,&quot;url&quot;:&quot;https:\\\/\\\/www.nedersail.nl\\\/wp-content\\\/uploads\\\/2019\\\/10\\\/IMG-20190827-WA0015.jpg&quot;},{&quot;id&quot;:1558,&quot;url&quot;:&quot;https:\\\/\\\/www.nedersail.nl\\\/wp-content\\\/uploads\\\/2019\\\/10\\\/20190420_125823.jpg&quot;},{&quot;id&quot;:1560,&quot;url&quot;:&quot;https:\\\/\\\/www.nedersail.nl\\\/wp-content\\\/uploads\\\/2019\\\/10\\\/IMG_3784.jpg&quot;},{&quot;id&quot;:1564,&quot;url&quot;:&quot;https:\\\/\\\/www.nedersail.nl\\\/wp-content\\\/uploads\\\/2019\\\/10\\\/IMG-20190827-WA0006.jpg&quot;},{&quot;id&quot;:1565,&quot;url&quot;:&quot;https:\\\/\\\/www.nedersail.nl\\\/wp-content\\\/uploads\\\/2019\\\/10\\\/IMG-20190827-WA0007.jpg&quot;},{&quot;id&quot;:1566,&quot;url&quot;:&quot;https:\\\/\\\/www.nedersail.nl\\\/wp-content\\\/uploads\\\/2019\\\/10\\\/IMG-20190827-WA0009.jpg&quot;},{&quot;id&quot;:1567,&quot;url&quot;:&quot;https:\\\/\\\/www.nedersail.nl\\\/wp-content\\\/uploads\\\/2019\\\/10\\\/IMG-20190827-WA0014.jpg&quot;},{&quot;id&quot;:1569,&quot;url&quot;:&quot;https:\\\/\\\/www.nedersail.nl\\\/wp-content\\\/uploads\\\/2019\\\/10\\\/IMG-20190827-WA0022.jpg&quot;}],&quot;background_slideshow_slide_duration&quot;:3000,&quot;background_slideshow_transition_duration&quot;:2000,&quot;background_slideshow_loop&quot;:&quot;yes&quot;,&quot;background_slideshow_slide_transition&quot;:&quot;fade&quot;}\">\n\t\t\t\t\t\t\t<div class=\"elementor-background-overlay\"><\/div>\n\t\t\t\t\t\t\t<div class=\"elementor-container elementor-column-gap-default\">\n\t\t\t\t\t\t\t<div class=\"elementor-row\">\n\t\t\t\t\t<div class=\"elementor-column elementor-col-100 elementor-top-column elementor-element elementor-element-da3ba9d\" data-id=\"da3ba9d\" data-element_type=\"column\">\n\t\t\t<div class=\"elementor-column-wrap elementor-element-populated\">\n\t\t\t\t\t\t\t<div class=\"elementor-widget-wrap\">\n\t\t\t\t\t\t<div class=\"elementor-element elementor-element-ec2a219 elementor-widget elementor-widget-heading\" data-id=\"ec2a219\" data-element_type=\"widget\" data-widget_type=\"heading.default\">\n\t\t\t\t<div class=\"elementor-widget-container\">\n\t\t\t<h1 class=\"elementor-heading-title elementor-size-default\">Motorboot Urlaub<\/h1>\t\t<\/div>\n\t\t\t\t<\/div>\n\t\t\t\t\t\t<\/div>\n\t\t\t\t\t<\/div>\n\t\t<\/div>\n\t\t\t\t\t\t\t\t<\/div>\n\t\t\t\t\t<\/div>\n\t\t<\/section>\n\t\t\t\t<section class=\"elementor-section elementor-top-section elementor-element elementor-element-3177f50 elementor-section-boxed elementor-section-height-default elementor-section-height-default\" data-id=\"3177f50\" data-element_type=\"section\" data-settings=\"{&quot;background_background&quot;:&quot;classic&quot;}\">\n\t\t\t\t\t\t<div class=\"elementor-container elementor-column-gap-default\">\n\t\t\t\t\t\t\t<div class=\"elementor-row\">\n\t\t\t\t\t<div class=\"elementor-column elementor-col-100 elementor-top-column elementor-element elementor-element-cba45f4\" data-id=\"cba45f4\" data-element_type=\"column\">\n\t\t\t<div class=\"elementor-column-wrap elementor-element-populated\">\n\t\t\t\t\t\t\t<div class=\"elementor-widget-wrap\">\n\t\t\t\t\t\t<div class=\"elementor-element elementor-element-37cb499 elementor-widget elementor-widget-text-editor\" data-id=\"37cb499\" data-element_type=\"widget\" data-widget_type=\"text-editor.default\">\n\t\t\t\t<div class=\"elementor-widget-container\">\n\t\t\t\t\t\t\t\t<div class=\"elementor-text-editor elementor-clearfix\">\n\t\t\t\t<p><!-- wp:html --><\/p>\n<h2><strong>Ein Motorboot mieten bei Nedersail<\/strong><\/h2>\n<p>Mieten Sie ein Motorboot in der N\u00e4he des sch\u00f6nen Staveren in Friesland. Im Hafen von Marina Warns warten mehrere Motorboote auf Sie. Unsere Motorboote sind gut gewartet und verf\u00fcgen \u00fcber eine komplette Ausstattung. Und nat\u00fcrlich achten wir immer darauf, dass Sie das Motorboot sauber und segelfertig bekommen.\u00a0<\/p>\n<p>Wenn du\u00a0<strong><span style=\"color: #ff7214;\"><a style=\"color: #ff7214;\" href=\"https:\/\/www.nedersail.nl\/de\/lessen-schipper\/\">Wenn Sie im Voraus Unterricht von unser Skipper m\u00f6chten dann konnen Sie das auch buchen.<\/a> sorglos mit Ihrem gemieteten Motorboot unterwegs sein zu k\u00f6nnen <\/span><\/strong>Das alles ist m\u00f6glich von unserem Standort in Warns. Ein erfahrener Skipper bringt Ihnen die Tricks des Handels des man\u00f6vrieren auf angenehme Weise bei.<\/p>\n<p><strong>Ein idealer Ausgangspunkt f\u00fcr einen wundersch\u00f6nen Segelurlaub in Friesland und Umgebung!<\/strong><\/p>\n<p><span style=\"color: #ff7214;\"><strong>M\u00f6chten Sie auch ein Motorboot bei Nedersail mieten? Unten sehen Sie, welche Motorboote Nedersail hat und welche noch verf\u00fcgbar sind.<\/strong><\/span><\/p>\n<p><!-- \/wp:html --><\/p>\t\t\t\t\t<\/div>\n\t\t\t\t\t\t<\/div>\n\t\t\t\t<\/div>\n\t\t\t\t\t\t<\/div>\n\t\t\t\t\t<\/div>\n\t\t<\/div>\n\t\t\t\t\t\t\t\t<\/div>\n\t\t\t\t\t<\/div>\n\t\t<\/section>\n\t\t\t\t<section class=\"elementor-section elementor-top-section elementor-element elementor-element-944cc8b elementor-section-boxed elementor-section-height-default elementor-section-height-default\" data-id=\"944cc8b\" data-element_type=\"section\">\n\t\t\t\t\t\t<div class=\"elementor-container elementor-column-gap-default\">\n\t\t\t\t\t\t\t<div class=\"elementor-row\">\n\t\t\t\t\t<div class=\"elementor-column elementor-col-100 elementor-top-column elementor-element elementor-element-451a7a5\" data-id=\"451a7a5\" data-element_type=\"column\">\n\t\t\t<div class=\"elementor-column-wrap elementor-element-populated\">\n\t\t\t\t\t\t\t<div class=\"elementor-widget-wrap\">\n\t\t\t\t\t\t<div class=\"elementor-element elementor-element-a2c3e0e elementor-grid-3 elementor-grid-tablet-2 elementor-grid-mobile-1 elementor-posts--thumbnail-top elementor-card-shadow-yes elementor-posts__hover-gradient elementor-widget elementor-widget-posts\" data-id=\"a2c3e0e\" data-element_type=\"widget\" data-settings=\"{&quot;cards_columns&quot;:&quot;3&quot;,&quot;cards_columns_tablet&quot;:&quot;2&quot;,&quot;cards_columns_mobile&quot;:&quot;1&quot;,&quot;cards_row_gap&quot;:{&quot;unit&quot;:&quot;px&quot;,&quot;size&quot;:35,&quot;sizes&quot;:[]},&quot;cards_row_gap_tablet&quot;:{&quot;unit&quot;:&quot;px&quot;,&quot;size&quot;:&quot;&quot;,&quot;sizes&quot;:[]},&quot;cards_row_gap_mobile&quot;:{&quot;unit&quot;:&quot;px&quot;,&quot;size&quot;:&quot;&quot;,&quot;sizes&quot;:[]}}\" data-widget_type=\"posts.cards\">\n\t\t\t\t<div class=\"elementor-widget-container\">\n\t\t\t\t\t<div class=\"elementor-posts-container elementor-posts elementor-posts--skin-cards elementor-grid\">\n\t\t\t\t<article class=\"elementor-post elementor-grid-item post-974 post type-post status-publish format-standard has-post-thumbnail hentry\">\n\t\t\t<div class=\"elementor-post__card\">\n\t\t\t\t<a class=\"elementor-post__thumbnail__link\" href=\"https:\/\/www.nedersail.nl\/de\/super-favorite-960-ok\/\" ><div class=\"elementor-post__thumbnail\"><img width=\"720\" height=\"960\" src=\"https:\/\/www.nedersail.nl\/wp-content\/uploads\/2019\/03\/Nedersail_super_favourite_huren.jpg\" class=\"attachment-large size-large\" alt=\"boot huren, zeilboot huren, motorboot huren, bootverhuur lemmer\" decoding=\"async\" srcset=\"https:\/\/www.nedersail.nl\/wp-content\/uploads\/2019\/03\/Nedersail_super_favourite_huren.jpg 720w, https:\/\/www.nedersail.nl\/wp-content\/uploads\/2019\/03\/Nedersail_super_favourite_huren-225x300.jpg 225w, https:\/\/www.nedersail.nl\/wp-content\/uploads\/2019\/03\/Nedersail_super_favourite_huren-600x800.jpg 600w\" sizes=\"(max-width: 720px) 100vw, 720px\" \/><\/div><\/a>\n\t\t\t\t<div class=\"elementor-post__text\">\n\t\t\t\t<h2 class=\"elementor-post__title\">\n\t\t\t<a href=\"https:\/\/www.nedersail.nl\/de\/super-favorite-960-ok\/\" >\n\t\t\t\tSuper Favorit 960 OK\t\t\t<\/a>\n\t\t<\/h2>\n\t\t\t\t<div class=\"elementor-post__excerpt\">\n\t\t\t<p>LxBxT: 9,60 x 3,25 x 0,90 Meter<br \/><i class=\"fa fa-group\" aria-hidden=\"true\"><\/i> 4 Personen <i class=\"fa fa-bed\" aria-hidden=\"true\"><\/i> 1 Kabine <i class=\"fa fa-shower\" aria-hidden=\"true\"><\/i> 1 Badezimmer<br \/>\n<span style=\"font-size: 14pt;\"> <b>Vanaf \u20ac 868 per midweek<\/b><\/span><\/p>\n\t\t<\/div>\n\t\t\n\t\t<a class=\"elementor-post__read-more\" href=\"https:\/\/www.nedersail.nl\/de\/super-favorite-960-ok\/\" >\n\t\t\tMehr informationen &amp; Buchen\t\t<\/a>\n\n\t\t\t\t<\/div>\n\t\t\t\t\t<\/div>\n\t\t<\/article>\n\t\t\t\t<article class=\"elementor-post elementor-grid-item post-2364 post type-post status-publish format-standard has-post-thumbnail hentry\">\n\t\t\t<div class=\"elementor-post__card\">\n\t\t\t\t<a class=\"elementor-post__thumbnail__link\" href=\"https:\/\/www.nedersail.nl\/de\/super-favorite-860-ok\/\" ><div class=\"elementor-post__thumbnail\"><img width=\"1024\" height=\"768\" src=\"https:\/\/www.nedersail.nl\/wp-content\/uploads\/2021\/07\/petit-royal-buiten2-1024x768.jpg\" class=\"attachment-large size-large\" alt=\"\" decoding=\"async\" srcset=\"https:\/\/www.nedersail.nl\/wp-content\/uploads\/2021\/07\/petit-royal-buiten2-1024x768.jpg 1024w, https:\/\/www.nedersail.nl\/wp-content\/uploads\/2021\/07\/petit-royal-buiten2-300x225.jpg 300w, https:\/\/www.nedersail.nl\/wp-content\/uploads\/2021\/07\/petit-royal-buiten2-768x576.jpg 768w, https:\/\/www.nedersail.nl\/wp-content\/uploads\/2021\/07\/petit-royal-buiten2-1536x1152.jpg 1536w, https:\/\/www.nedersail.nl\/wp-content\/uploads\/2021\/07\/petit-royal-buiten2-16x12.jpg 16w, https:\/\/www.nedersail.nl\/wp-content\/uploads\/2021\/07\/petit-royal-buiten2.jpg 1600w\" sizes=\"(max-width: 1024px) 100vw, 1024px\" \/><\/div><\/a>\n\t\t\t\t<div class=\"elementor-post__text\">\n\t\t\t\t<h2 class=\"elementor-post__title\">\n\t\t\t<a href=\"https:\/\/www.nedersail.nl\/de\/super-favorite-860-ok\/\" >\n\t\t\t\tSuper Favorite 860 OK\t\t\t<\/a>\n\t\t<\/h2>\n\t\t\t\t<div class=\"elementor-post__excerpt\">\n\t\t\t<p>LxBxT:  8,60 x 2,85 x 0,80 meter<br \/><i class=\"fa fa-group\" aria-hidden=\"true\"><\/i> 4 Personen <i class=\"fa fa-bed\" aria-hidden=\"true\"><\/i> 1 Kabine <i class=\"fa fa-shower\" aria-hidden=\"true\"><\/i> 1 Badezimmer<br \/>\n<span style=\"font-size: 14pt;\"> <b>Vanaf \u20ac 722,00 per midweek<\/b><\/span><\/p>\n\t\t<\/div>\n\t\t\n\t\t<a class=\"elementor-post__read-more\" href=\"https:\/\/www.nedersail.nl\/de\/super-favorite-860-ok\/\" >\n\t\t\tMehr informationen &amp; Buchen\t\t<\/a>\n\n\t\t\t\t<\/div>\n\t\t\t\t\t<\/div>\n\t\t<\/article>\n\t\t\t\t<\/div>\n\t\t\n\t\t\t\t<\/div>\n\t\t\t\t<\/div>\n\t\t\t\t\t\t<\/div>\n\t\t\t\t\t<\/div>\n\t\t<\/div>\n\t\t\t\t\t\t\t\t<\/div>\n\t\t\t\t\t<\/div>\n\t\t<\/section>\n\t\t\t\t<section class=\"elementor-section elementor-top-section elementor-element elementor-element-ce07a25 elementor-section-stretched elementor-section-full_width elementor-section-height-default elementor-section-height-default\" data-id=\"ce07a25\" data-element_type=\"section\" data-settings=\"{&quot;stretch_section&quot;:&quot;section-stretched&quot;}\">\n\t\t\t\t\t\t<div class=\"elementor-container elementor-column-gap-no\">\n\t\t\t\t\t\t\t<div class=\"elementor-row\">\n\t\t\t\t\t<div class=\"elementor-column elementor-col-100 elementor-top-column elementor-element elementor-element-62f38bd\" data-id=\"62f38bd\" data-element_type=\"column\">\n\t\t\t<div class=\"elementor-column-wrap elementor-element-populated\">\n\t\t\t\t\t\t\t<div class=\"elementor-widget-wrap\">\n\t\t\t\t\t\t<div class=\"elementor-element elementor-element-01a66b5 elementor-widget elementor-widget-image\" data-id=\"01a66b5\" data-element_type=\"widget\" data-widget_type=\"image.default\">\n\t\t\t\t<div class=\"elementor-widget-container\">\n\t\t\t\t\t\t\t\t<div class=\"elementor-image\">\n\t\t\t\t\t\t\t\t\t\t\t\t<img decoding=\"async\" src=\"https:\/\/www.nedersail.nl\/wp-content\/uploads\/elementor\/thumbs\/Nedersail_lemmer-pxk3v4rsjllt2z5cxdvveage1mmhol3lp93v26a4js.jpg\" title=\"Lowsail_lemmer\" alt=\"zeilboot huren lemmer\" \/>\t\t\t\t\t\t\t\t\t\t\t\t\t\t<\/div>\n\t\t\t\t\t\t<\/div>\n\t\t\t\t<\/div>\n\t\t\t\t\t\t<\/div>\n\t\t\t\t\t<\/div>\n\t\t<\/div>\n\t\t\t\t\t\t\t\t<\/div>\n\t\t\t\t\t<\/div>\n\t\t<\/section>\n\t\t\t\t<section class=\"elementor-section elementor-top-section elementor-element elementor-element-02690fb elementor-section-boxed elementor-section-height-default elementor-section-height-default\" data-id=\"02690fb\" data-element_type=\"section\" data-settings=\"{&quot;background_background&quot;:&quot;classic&quot;}\">\n\t\t\t\t\t\t<div class=\"elementor-container elementor-column-gap-default\">\n\t\t\t\t\t\t\t<div class=\"elementor-row\">\n\t\t\t\t\t<div class=\"elementor-column elementor-col-100 elementor-top-column elementor-element elementor-element-b072c6d\" data-id=\"b072c6d\" data-element_type=\"column\">\n\t\t\t<div class=\"elementor-column-wrap elementor-element-populated\">\n\t\t\t\t\t\t\t<div class=\"elementor-widget-wrap\">\n\t\t\t\t\t\t<div class=\"elementor-element elementor-element-9e57745 elementor-widget elementor-widget-text-editor\" data-id=\"9e57745\" data-element_type=\"widget\" data-widget_type=\"text-editor.default\">\n\t\t\t\t<div class=\"elementor-widget-container\">\n\t\t\t\t\t\t\t\t<div class=\"elementor-text-editor elementor-clearfix\">\n\t\t\t\t<p><!-- wp:html --><\/p>\n<h3><strong>Segeln Sie ab Warns in Friesland, einem einzigartigen Ort f\u00fcr einen unvergesslichen Urlaub!<\/strong><\/h3>\n<p>Stavoren ist eine traditionelle holl\u00e4ndische alte Handelsstadt mit sch\u00f6nen Terrassen und gem\u00fctlichen Restaurants am IJsselmeer. Nicht weit davon entfernt liegt am Johan-Friso-Kanal Warns. Von der Marina Warns aus segeln Sie direkt auf die friesischen Binnengew\u00e4sser.\u00a0\u00a0<\/p>\n<p>\u00a0<\/p>\n<p><!-- \/wp:html --><\/p>\t\t\t\t\t<\/div>\n\t\t\t\t\t\t<\/div>\n\t\t\t\t<\/div>\n\t\t\t\t\t\t<\/div>\n\t\t\t\t\t<\/div>\n\t\t<\/div>\n\t\t\t\t\t\t\t\t<\/div>\n\t\t\t\t\t<\/div>\n\t\t<\/section>\n\t\t\t\t\t\t\t\t\t<\/div>\n\t\t\t<\/div>\n\t\t\t\t\t<\/div>","protected":false},"excerpt":{"rendered":"<p>MOTORBOOT HUREN Een motorboot huren bij Nedersail vanuit Warns, Friesland Een motorboot huren vlak bij het mooie Stavoren in Friesland. Aan de steiger van Nedersail, in de haven van Marina Warns, liggen meerdere motorboten voor je klaar. Onze motorboten zijn goed onderhouden en hebben een complete uitrusting. En we zorgen er uiteraard altijd voor dat [&hellip;]<\/p>","protected":false},"author":4,"featured_media":0,"parent":0,"menu_order":0,"comment_status":"closed","ping_status":"closed","template":"elementor_header_footer","meta":[],"yoast_head":"<!-- This site is optimized with the Yoast SEO Premium plugin v19.5 (Yoast SEO v19.10) - https:\/\/yoast.com\/wordpress\/plugins\/seo\/ -->\n<title>Motorboot huren? Bij Nedersail een motorboot huren vanuit Lemmer<\/title>\n<meta name=\"description\" content=\"Bij Nedersail in Lemmer een motorboot huren om het IJsselmeer, de Waddenzee en de Friese meren te verkennen. Een motorboot huren doe je bij Nedersail!\" \/>\n<meta name=\"robots\" content=\"index, follow, max-snippet:-1, max-image-preview:large, max-video-preview:-1\" \/>\n<link rel=\"canonical\" href=\"https:\/\/www.nedersail.nl\/de\/motorboot-huren\/\" \/>\n<meta property=\"og:locale\" content=\"de_DE\" \/>\n<meta property=\"og:type\" content=\"article\" \/>\n<meta property=\"og:title\" content=\"Motorboot huren\" \/>\n<meta property=\"og:description\" content=\"Bij Nedersail in Lemmer een motorboot huren om het IJsselmeer, de Waddenzee en de Friese meren te verkennen. Een motorboot huren doe je bij Nedersail!\" \/>\n<meta property=\"og:url\" content=\"https:\/\/www.nedersail.nl\/de\/motorboot-huren\/\" \/>\n<meta property=\"og:site_name\" content=\"Nedersail\" \/>\n<meta property=\"article:publisher\" content=\"https:\/\/www.facebook.com\/nedersail\/\" \/>\n<meta property=\"article:modified_time\" content=\"2024-01-20T17:30:34+00:00\" \/>\n<meta property=\"og:image\" content=\"https:\/\/www.nedersail.nl\/wp-content\/uploads\/elementor\/thumbs\/Nedersail_lemmer-pxk3v4rsjllt2z5cxdvveage1mmhol3lp93v06u3yg.jpg\" \/>\n<meta name=\"twitter:card\" content=\"summary_large_image\" \/>\n<meta name=\"twitter:label1\" content=\"Gesch\u00e4tzte Lesezeit\" \/>\n\t<meta name=\"twitter:data1\" content=\"3 Minuten\" \/>\n<script type=\"application\/ld+json\" class=\"yoast-schema-graph\">{\"@context\":\"https:\/\/schema.org\",\"@graph\":[{\"@type\":\"WebPage\",\"@id\":\"https:\/\/www.nedersail.nl\/motorboot-huren\/\",\"url\":\"https:\/\/www.nedersail.nl\/motorboot-huren\/\",\"name\":\"Motorboot huren? Bij Nedersail een motorboot huren vanuit Lemmer\",\"isPartOf\":{\"@id\":\"https:\/\/www.nedersail.nl\/#website\"},\"datePublished\":\"2019-09-11T14:02:49+00:00\",\"dateModified\":\"2024-01-20T17:30:34+00:00\",\"description\":\"Bij Nedersail in Lemmer een motorboot huren om het IJsselmeer, de Waddenzee en de Friese meren te verkennen. Een motorboot huren doe je bij Nedersail!\",\"breadcrumb\":{\"@id\":\"https:\/\/www.nedersail.nl\/motorboot-huren\/#breadcrumb\"},\"inLanguage\":\"de-DE\",\"potentialAction\":[{\"@type\":\"ReadAction\",\"target\":[\"https:\/\/www.nedersail.nl\/motorboot-huren\/\"]}]},{\"@type\":\"BreadcrumbList\",\"@id\":\"https:\/\/www.nedersail.nl\/motorboot-huren\/#breadcrumb\",\"itemListElement\":[{\"@type\":\"ListItem\",\"position\":1,\"name\":\"Home\",\"item\":\"https:\/\/www.nedersail.nl\/\"},{\"@type\":\"ListItem\",\"position\":2,\"name\":\"Motorboot huren\"}]},{\"@type\":\"WebSite\",\"@id\":\"https:\/\/www.nedersail.nl\/#website\",\"url\":\"https:\/\/www.nedersail.nl\/\",\"name\":\"Nedersail Bootverhuur\",\"description\":\"verhuur zeilboten\",\"publisher\":{\"@id\":\"https:\/\/www.nedersail.nl\/#organization\"},\"potentialAction\":[{\"@type\":\"SearchAction\",\"target\":{\"@type\":\"EntryPoint\",\"urlTemplate\":\"https:\/\/www.nedersail.nl\/?s={search_term_string}\"},\"query-input\":\"required name=search_term_string\"}],\"inLanguage\":\"de-DE\"},{\"@type\":\"Organization\",\"@id\":\"https:\/\/www.nedersail.nl\/#organization\",\"name\":\"Nedersail Bootverhuur\",\"url\":\"https:\/\/www.nedersail.nl\/\",\"logo\":{\"@type\":\"ImageObject\",\"inLanguage\":\"de-DE\",\"@id\":\"https:\/\/www.nedersail.nl\/#\/schema\/logo\/image\/\",\"url\":\"https:\/\/i1.wp.com\/nedersail.nl\/wp-content\/uploads\/2018\/11\/logo-nedersail-2-voorbeelden-1-1-e1576166904698.png?fit=800%2C823&ssl=1\",\"contentUrl\":\"https:\/\/i1.wp.com\/nedersail.nl\/wp-content\/uploads\/2018\/11\/logo-nedersail-2-voorbeelden-1-1-e1576166904698.png?fit=800%2C823&ssl=1\",\"width\":800,\"height\":823,\"caption\":\"Nedersail Bootverhuur\"},\"image\":{\"@id\":\"https:\/\/www.nedersail.nl\/#\/schema\/logo\/image\/\"},\"sameAs\":[\"https:\/\/www.facebook.com\/nedersail\/\"]}]}<\/script>\n<!-- \/ Yoast SEO Premium plugin. -->","yoast_head_json":{"title":"Motorboot huren? Bij Nedersail een motorboot huren vanuit Lemmer","description":"Bij Nedersail in Lemmer een motorboot huren om het IJsselmeer, de Waddenzee en de Friese meren te verkennen. Een motorboot huren doe je bij Nedersail!","robots":{"index":"index","follow":"follow","max-snippet":"max-snippet:-1","max-image-preview":"max-image-preview:large","max-video-preview":"max-video-preview:-1"},"canonical":"https:\/\/www.nedersail.nl\/de\/motorboot-huren\/","og_locale":"de_DE","og_type":"article","og_title":"Motorboot huren","og_description":"Bij Nedersail in Lemmer een motorboot huren om het IJsselmeer, de Waddenzee en de Friese meren te verkennen. Een motorboot huren doe je bij Nedersail!","og_url":"https:\/\/www.nedersail.nl\/de\/motorboot-huren\/","og_site_name":"Nedersail","article_publisher":"https:\/\/www.facebook.com\/nedersail\/","article_modified_time":"2024-01-20T17:30:34+00:00","og_image":[{"url":"https:\/\/www.nedersail.nl\/wp-content\/uploads\/elementor\/thumbs\/Nedersail_lemmer-pxk3v4rsjllt2z5cxdvveage1mmhol3lp93v06u3yg.jpg"}],"twitter_card":"summary_large_image","twitter_misc":{"Gesch\u00e4tzte Lesezeit":"3 Minuten"},"schema":{"@context":"https:\/\/schema.org","@graph":[{"@type":"WebPage","@id":"https:\/\/www.nedersail.nl\/motorboot-huren\/","url":"https:\/\/www.nedersail.nl\/motorboot-huren\/","name":"Motorboot huren? Bij Nedersail een motorboot huren vanuit Lemmer","isPartOf":{"@id":"https:\/\/www.nedersail.nl\/#website"},"datePublished":"2019-09-11T14:02:49+00:00","dateModified":"2024-01-20T17:30:34+00:00","description":"Bij Nedersail in Lemmer een motorboot huren om het IJsselmeer, de Waddenzee en de Friese meren te verkennen. Een motorboot huren doe je bij Nedersail!","breadcrumb":{"@id":"https:\/\/www.nedersail.nl\/motorboot-huren\/#breadcrumb"},"inLanguage":"de-DE","potentialAction":[{"@type":"ReadAction","target":["https:\/\/www.nedersail.nl\/motorboot-huren\/"]}]},{"@type":"BreadcrumbList","@id":"https:\/\/www.nedersail.nl\/motorboot-huren\/#breadcrumb","itemListElement":[{"@type":"ListItem","position":1,"name":"Home","item":"https:\/\/www.nedersail.nl\/"},{"@type":"ListItem","position":2,"name":"Motorboot huren"}]},{"@type":"WebSite","@id":"https:\/\/www.nedersail.nl\/#website","url":"https:\/\/www.nedersail.nl\/","name":"Nedersail Bootverhuur","description":"verhuur zeilboten","publisher":{"@id":"https:\/\/www.nedersail.nl\/#organization"},"potentialAction":[{"@type":"SearchAction","target":{"@type":"EntryPoint","urlTemplate":"https:\/\/www.nedersail.nl\/?s={search_term_string}"},"query-input":"required name=search_term_string"}],"inLanguage":"de-DE"},{"@type":"Organization","@id":"https:\/\/www.nedersail.nl\/#organization","name":"Nedersail Bootverhuur","url":"https:\/\/www.nedersail.nl\/","logo":{"@type":"ImageObject","inLanguage":"de-DE","@id":"https:\/\/www.nedersail.nl\/#\/schema\/logo\/image\/","url":"https:\/\/i1.wp.com\/nedersail.nl\/wp-content\/uploads\/2018\/11\/logo-nedersail-2-voorbeelden-1-1-e1576166904698.png?fit=800%2C823&ssl=1","contentUrl":"https:\/\/i1.wp.com\/nedersail.nl\/wp-content\/uploads\/2018\/11\/logo-nedersail-2-voorbeelden-1-1-e1576166904698.png?fit=800%2C823&ssl=1","width":800,"height":823,"caption":"Nedersail Bootverhuur"},"image":{"@id":"https:\/\/www.nedersail.nl\/#\/schema\/logo\/image\/"},"sameAs":["https:\/\/www.facebook.com\/nedersail\/"]}]}},"_links":{"self":[{"href":"https:\/\/www.nedersail.nl\/de\/wp-json\/wp\/v2\/pages\/1468"}],"collection":[{"href":"https:\/\/www.nedersail.nl\/de\/wp-json\/wp\/v2\/pages"}],"about":[{"href":"https:\/\/www.nedersail.nl\/de\/wp-json\/wp\/v2\/types\/page"}],"author":[{"embeddable":true,"href":"https:\/\/www.nedersail.nl\/de\/wp-json\/wp\/v2\/users\/4"}],"replies":[{"embeddable":true,"href":"https:\/\/www.nedersail.nl\/de\/wp-json\/wp\/v2\/comments?post=1468"}],"version-history":[{"count":31,"href":"https:\/\/www.nedersail.nl\/de\/wp-json\/wp\/v2\/pages\/1468\/revisions"}],"predecessor-version":[{"id":3081,"href":"https:\/\/www.nedersail.nl\/de\/wp-json\/wp\/v2\/pages\/1468\/revisions\/3081"}],"wp:attachment":[{"href":"https:\/\/www.nedersail.nl\/de\/wp-json\/wp\/v2\/media?parent=1468"}],"curies":[{"name":"wp","href":"https:\/\/api.w.org\/{rel}","templated":true}]}}