{"id":281,"date":"2018-11-13T14:23:57","date_gmt":"2018-11-13T14:23:57","guid":{"rendered":"https:\/\/www.nedersail.nl\/?page_id=281"},"modified":"2022-09-16T10:17:28","modified_gmt":"2022-09-16T10:17:28","slug":"je-eigen-zeilboot-verhuren","status":"publish","type":"page","link":"https:\/\/www.nedersail.nl\/de\/je-eigen-zeilboot-verhuren\/","title":{"rendered":"Ihr eigenes Boot vermieten"},"content":{"rendered":"<div data-elementor-type=\"wp-post\" data-elementor-id=\"281\" class=\"elementor elementor-281\">\n\t\t\t\t\t\t<div class=\"elementor-inner\">\n\t\t\t\t<div class=\"elementor-section-wrap\">\n\t\t\t\t\t\t\t\t\t<section class=\"elementor-section elementor-top-section elementor-element elementor-element-9114b40 elementor-section-boxed elementor-section-height-default elementor-section-height-default\" data-id=\"9114b40\" data-element_type=\"section\" data-settings=\"{&quot;background_background&quot;:&quot;classic&quot;}\">\n\t\t\t\t\t\t<div class=\"elementor-container elementor-column-gap-default\">\n\t\t\t\t\t\t\t<div class=\"elementor-row\">\n\t\t\t\t\t<div class=\"elementor-column elementor-col-50 elementor-top-column elementor-element elementor-element-e1e172e\" data-id=\"e1e172e\" data-element_type=\"column\">\n\t\t\t<div class=\"elementor-column-wrap elementor-element-populated\">\n\t\t\t\t\t\t\t<div class=\"elementor-widget-wrap\">\n\t\t\t\t\t\t<div class=\"elementor-element elementor-element-4067bf3 elementor-widget elementor-widget-spacer\" data-id=\"4067bf3\" data-element_type=\"widget\" data-widget_type=\"spacer.default\">\n\t\t\t\t<div class=\"elementor-widget-container\">\n\t\t\t\t\t<div class=\"elementor-spacer\">\n\t\t\t<div class=\"elementor-spacer-inner\"><\/div>\n\t\t<\/div>\n\t\t\t\t<\/div>\n\t\t\t\t<\/div>\n\t\t\t\t<div class=\"elementor-element elementor-element-b667e52 elementor-widget elementor-widget-heading\" data-id=\"b667e52\" data-element_type=\"widget\" data-widget_type=\"heading.default\">\n\t\t\t\t<div class=\"elementor-widget-container\">\n\t\t\t<h2 class=\"elementor-heading-title elementor-size-default\">Vermieten Sie Ihr eigenes Boot?<\/h2>\t\t<\/div>\n\t\t\t\t<\/div>\n\t\t\t\t\t\t<\/div>\n\t\t\t\t\t<\/div>\n\t\t<\/div>\n\t\t\t\t<div class=\"elementor-column elementor-col-50 elementor-top-column elementor-element elementor-element-1fa39ad\" data-id=\"1fa39ad\" data-element_type=\"column\">\n\t\t\t<div class=\"elementor-column-wrap elementor-element-populated\">\n\t\t\t\t\t\t\t<div class=\"elementor-widget-wrap\">\n\t\t\t\t\t\t<div class=\"elementor-element elementor-element-a368bec elementor-widget elementor-widget-spacer\" data-id=\"a368bec\" data-element_type=\"widget\" data-widget_type=\"spacer.default\">\n\t\t\t\t<div class=\"elementor-widget-container\">\n\t\t\t\t\t<div class=\"elementor-spacer\">\n\t\t\t<div class=\"elementor-spacer-inner\"><\/div>\n\t\t<\/div>\n\t\t\t\t<\/div>\n\t\t\t\t<\/div>\n\t\t\t\t\t\t<\/div>\n\t\t\t\t\t<\/div>\n\t\t<\/div>\n\t\t\t\t\t\t\t\t<\/div>\n\t\t\t\t\t<\/div>\n\t\t<\/section>\n\t\t\t\t<section class=\"elementor-section elementor-top-section elementor-element elementor-element-53f9c944 elementor-section-stretched elementor-section-height-min-height elementor-section-boxed elementor-section-height-default elementor-section-items-middle\" data-id=\"53f9c944\" data-element_type=\"section\" data-settings=\"{&quot;background_background&quot;:&quot;video&quot;,&quot;background_video_link&quot;:&quot;https:\\\/\\\/www.youtube.com\\\/watch?v=ynkKL3R0rhc&amp;feature=youtu.be&quot;,&quot;stretch_section&quot;:&quot;section-stretched&quot;}\">\n\t\t\t\t\t\t\t\t<div class=\"elementor-background-video-container elementor-hidden-phone\">\n\t\t\t\t\t\t\t\t\t\t\t\t\t<div class=\"elementor-background-video-embed\"><\/div>\n\t\t\t\t\t\t\t\t\t\t\t\t<\/div>\n\t\t\t\t\t\t\t\t\t<div class=\"elementor-background-overlay\"><\/div>\n\t\t\t\t\t\t\t<div class=\"elementor-container elementor-column-gap-default\">\n\t\t\t\t\t\t\t<div class=\"elementor-row\">\n\t\t\t\t\t<div class=\"elementor-column elementor-col-100 elementor-top-column elementor-element elementor-element-36109b8\" data-id=\"36109b8\" data-element_type=\"column\">\n\t\t\t<div class=\"elementor-column-wrap\">\n\t\t\t\t\t\t\t<div class=\"elementor-widget-wrap\">\n\t\t\t\t\t\t\t\t<\/div>\n\t\t\t\t\t<\/div>\n\t\t<\/div>\n\t\t\t\t\t\t\t\t<\/div>\n\t\t\t\t\t<\/div>\n\t\t<\/section>\n\t\t\t\t<section class=\"elementor-section elementor-top-section elementor-element elementor-element-95ab39e elementor-section-boxed elementor-section-height-default elementor-section-height-default\" data-id=\"95ab39e\" data-element_type=\"section\" data-settings=\"{&quot;background_background&quot;:&quot;classic&quot;}\">\n\t\t\t\t\t\t<div class=\"elementor-container elementor-column-gap-default\">\n\t\t\t\t\t\t\t<div class=\"elementor-row\">\n\t\t\t\t\t<div class=\"elementor-column elementor-col-50 elementor-top-column elementor-element elementor-element-b63581b\" data-id=\"b63581b\" data-element_type=\"column\">\n\t\t\t<div class=\"elementor-column-wrap elementor-element-populated\">\n\t\t\t\t\t\t\t<div class=\"elementor-widget-wrap\">\n\t\t\t\t\t\t<div class=\"elementor-element elementor-element-a7f7dc2 elementor-widget elementor-widget-spacer\" data-id=\"a7f7dc2\" data-element_type=\"widget\" data-widget_type=\"spacer.default\">\n\t\t\t\t<div class=\"elementor-widget-container\">\n\t\t\t\t\t<div class=\"elementor-spacer\">\n\t\t\t<div class=\"elementor-spacer-inner\"><\/div>\n\t\t<\/div>\n\t\t\t\t<\/div>\n\t\t\t\t<\/div>\n\t\t\t\t<div class=\"elementor-element elementor-element-fe62f48 elementor-widget elementor-widget-text-editor\" data-id=\"fe62f48\" data-element_type=\"widget\" data-widget_type=\"text-editor.default\">\n\t\t\t\t<div class=\"elementor-widget-container\">\n\t\t\t\t\t\t\t\t<div class=\"elementor-text-editor elementor-clearfix\">\n\t\t\t\t<p>Besitzen Sie ein Segelboot, aber Sie wollen keine Sorge? Das ist bei Nedersail m\u00f6glich. Bei uns kann Ihr Segelboot oder Motorboot in unserer Flotte untergebracht werden und Sie k\u00f6nnen die Kosten durch die Vermietung reduzieren, und wenn das Boot richtig vermietet ist, hat es keine Kosten. Sie k\u00f6nnen einfach Ihr Boot benutzen und es wird auch vermietet. Wir sorgen daf\u00fcr, dass Ihr Boot gut gewartet wird und Sie nur die Vorteile genie\u00dfen.<\/p>\t\t\t\t\t<\/div>\n\t\t\t\t\t\t<\/div>\n\t\t\t\t<\/div>\n\t\t\t\t<div class=\"elementor-element elementor-element-2cc2b3f elementor-widget elementor-widget-image\" data-id=\"2cc2b3f\" data-element_type=\"widget\" data-widget_type=\"image.default\">\n\t\t\t\t<div class=\"elementor-widget-container\">\n\t\t\t\t\t\t\t\t<div class=\"elementor-image\">\n\t\t\t\t\t\t\t\t\t\t\t\t<img decoding=\"async\" width=\"300\" height=\"225\" src=\"https:\/\/www.nedersail.nl\/wp-content\/uploads\/2019\/03\/IMG-20180409-WA0000-300x225.jpg\" class=\"attachment-medium size-medium\" alt=\"\" srcset=\"https:\/\/www.nedersail.nl\/wp-content\/uploads\/2019\/03\/IMG-20180409-WA0000-300x225.jpg 300w, https:\/\/www.nedersail.nl\/wp-content\/uploads\/2019\/03\/IMG-20180409-WA0000-768x576.jpg 768w, https:\/\/www.nedersail.nl\/wp-content\/uploads\/2019\/03\/IMG-20180409-WA0000-1024x768.jpg 1024w, https:\/\/www.nedersail.nl\/wp-content\/uploads\/2019\/03\/IMG-20180409-WA0000-600x450.jpg 600w, https:\/\/www.nedersail.nl\/wp-content\/uploads\/2019\/03\/IMG-20180409-WA0000.jpg 1296w\" sizes=\"(max-width: 300px) 100vw, 300px\" \/>\t\t\t\t\t\t\t\t\t\t\t\t\t\t<\/div>\n\t\t\t\t\t\t<\/div>\n\t\t\t\t<\/div>\n\t\t\t\t<div class=\"elementor-element elementor-element-8f22616 elementor-align-center elementor-widget elementor-widget-button\" data-id=\"8f22616\" data-element_type=\"widget\" data-widget_type=\"button.default\">\n\t\t\t\t<div class=\"elementor-widget-container\">\n\t\t\t\t\t<div class=\"elementor-button-wrapper\">\n\t\t\t<a href=\"mailto:info@nedersail.nl\" target=\"_blank\" class=\"elementor-button-link elementor-button elementor-size-sm\" role=\"button\">\n\t\t\t\t\t\t<span class=\"elementor-button-content-wrapper\">\n\t\t\t\t\t\t\t<span class=\"elementor-button-icon elementor-align-icon-left\">\n\t\t\t\t<i aria-hidden=\"true\" class=\"fas fa-envelope\"><\/i>\t\t\t<\/span>\n\t\t\t\t\t\t<span class=\"elementor-button-text\">Weitere Infos<\/span>\n\t\t<\/span>\n\t\t\t\t\t<\/a>\n\t\t<\/div>\n\t\t\t\t<\/div>\n\t\t\t\t<\/div>\n\t\t\t\t\t\t<\/div>\n\t\t\t\t\t<\/div>\n\t\t<\/div>\n\t\t\t\t<div class=\"elementor-column elementor-col-50 elementor-top-column elementor-element elementor-element-1da2a85\" data-id=\"1da2a85\" data-element_type=\"column\">\n\t\t\t<div class=\"elementor-column-wrap elementor-element-populated\">\n\t\t\t\t\t\t\t<div class=\"elementor-widget-wrap\">\n\t\t\t\t\t\t<div class=\"elementor-element elementor-element-5a033c5 elementor-widget elementor-widget-spacer\" data-id=\"5a033c5\" data-element_type=\"widget\" data-widget_type=\"spacer.default\">\n\t\t\t\t<div class=\"elementor-widget-container\">\n\t\t\t\t\t<div class=\"elementor-spacer\">\n\t\t\t<div class=\"elementor-spacer-inner\"><\/div>\n\t\t<\/div>\n\t\t\t\t<\/div>\n\t\t\t\t<\/div>\n\t\t\t\t<div class=\"elementor-element elementor-element-26b0c3d elementor-widget elementor-widget-image\" data-id=\"26b0c3d\" data-element_type=\"widget\" data-widget_type=\"image.default\">\n\t\t\t\t<div class=\"elementor-widget-container\">\n\t\t\t\t\t\t\t\t<div class=\"elementor-image\">\n\t\t\t\t\t\t\t\t\t\t\t\t<img decoding=\"async\" src=\"https:\/\/www.onestep.media\/nedersail\/wp-content\/uploads\/2019\/02\/gc_DUFOUR382_2014_975.jpg\" title=\"\" alt=\"\" \/>\t\t\t\t\t\t\t\t\t\t\t\t\t\t<\/div>\n\t\t\t\t\t\t<\/div>\n\t\t\t\t<\/div>\n\t\t\t\t<div class=\"elementor-element elementor-element-8734432 elementor-widget elementor-widget-text-editor\" data-id=\"8734432\" data-element_type=\"widget\" data-widget_type=\"text-editor.default\">\n\t\t\t\t<div class=\"elementor-widget-container\">\n\t\t\t\t\t\t\t\t<div class=\"elementor-text-editor elementor-clearfix\">\n\t\t\t\t<p>M\u00f6chten Sie ein neues Boot kaufen, das dann ordnungsgem\u00e4\u00df f\u00fcr Sie gewartet wird, mit dem Vorteil, dass Sie trotzdem Geld verdienen, wenn Sie das Boot nicht benutzen?<\/p><p><em>Dann \u00fcberlegen Sie sich das Kauf- und Charterkonzept.<\/em><\/p><p>Ein kluger Weg, um mit Ihrem Geld gut umzugehen und gleichzeitig den Luxus eines eigenen Bootes zu haben.<\/p>\t\t\t\t\t<\/div>\n\t\t\t\t\t\t<\/div>\n\t\t\t\t<\/div>\n\t\t\t\t<div class=\"elementor-element elementor-element-86e263c elementor-align-center elementor-widget elementor-widget-button\" data-id=\"86e263c\" data-element_type=\"widget\" data-widget_type=\"button.default\">\n\t\t\t\t<div class=\"elementor-widget-container\">\n\t\t\t\t\t<div class=\"elementor-button-wrapper\">\n\t\t\t<a href=\"mailto:info@nedersail.nl\" class=\"elementor-button-link elementor-button elementor-size-sm\" role=\"button\">\n\t\t\t\t\t\t<span class=\"elementor-button-content-wrapper\">\n\t\t\t\t\t\t\t<span class=\"elementor-button-icon elementor-align-icon-left\">\n\t\t\t\t<i aria-hidden=\"true\" class=\"fas fa-envelope\"><\/i>\t\t\t<\/span>\n\t\t\t\t\t\t<span class=\"elementor-button-text\">Weitere Infos<\/span>\n\t\t<\/span>\n\t\t\t\t\t<\/a>\n\t\t<\/div>\n\t\t\t\t<\/div>\n\t\t\t\t<\/div>\n\t\t\t\t<div class=\"elementor-element elementor-element-6e8db3b elementor-widget elementor-widget-spacer\" data-id=\"6e8db3b\" data-element_type=\"widget\" data-widget_type=\"spacer.default\">\n\t\t\t\t<div class=\"elementor-widget-container\">\n\t\t\t\t\t<div class=\"elementor-spacer\">\n\t\t\t<div class=\"elementor-spacer-inner\"><\/div>\n\t\t<\/div>\n\t\t\t\t<\/div>\n\t\t\t\t<\/div>\n\t\t\t\t\t\t<\/div>\n\t\t\t\t\t<\/div>\n\t\t<\/div>\n\t\t\t\t\t\t\t\t<\/div>\n\t\t\t\t\t<\/div>\n\t\t<\/section>\n\t\t\t\t\t\t\t\t\t<\/div>\n\t\t\t<\/div>\n\t\t\t\t\t<\/div>","protected":false},"excerpt":{"rendered":"<p>Je eigen boot verhuren? Een zeilboot bezitten maar niet de zorgen? Dat kan bij Nedersail. Bij ons kan uw zeilboot ondergebracht worden in onze vloot en kunt u door de verhuur de kosten drukken, en wanneer de boot goed verhuurd geen kosten hebben. U kunt gewoon gebruik maken van uw boot, en daarnaast wordt zij [&hellip;]<\/p>","protected":false},"author":4,"featured_media":0,"parent":0,"menu_order":0,"comment_status":"closed","ping_status":"closed","template":"","meta":[],"yoast_head":"<!-- This site is optimized with the Yoast SEO Premium plugin v19.5 (Yoast SEO v19.10) - https:\/\/yoast.com\/wordpress\/plugins\/seo\/ -->\n<title>Je eigen boot verhuren | Nedersail<\/title>\n<meta name=\"description\" content=\"Je eigen boot verhuren? Een zeilboot bezitten maar niet de zorgen? Dat kan bij Nedersail. Bij ons kan uw zeilboot ondergebracht worden in onze vloot en\" \/>\n<meta name=\"robots\" content=\"index, follow, max-snippet:-1, max-image-preview:large, max-video-preview:-1\" \/>\n<link rel=\"canonical\" href=\"https:\/\/www.nedersail.nl\/de\/je-eigen-zeilboot-verhuren\/\" \/>\n<meta property=\"og:locale\" content=\"de_DE\" \/>\n<meta property=\"og:type\" content=\"article\" \/>\n<meta property=\"og:title\" content=\"Je eigen boot verhuren\" \/>\n<meta property=\"og:description\" content=\"Je eigen boot verhuren? Een zeilboot bezitten maar niet de zorgen? Dat kan bij Nedersail. Bij ons kan uw zeilboot ondergebracht worden in onze vloot en\" \/>\n<meta property=\"og:url\" content=\"https:\/\/www.nedersail.nl\/de\/je-eigen-zeilboot-verhuren\/\" \/>\n<meta property=\"og:site_name\" content=\"Nedersail\" \/>\n<meta property=\"article:publisher\" content=\"https:\/\/www.facebook.com\/nedersail\/\" \/>\n<meta property=\"article:modified_time\" content=\"2022-09-16T10:17:28+00:00\" \/>\n<meta property=\"og:image\" content=\"https:\/\/www.nedersail.nl\/wp-content\/uploads\/2019\/03\/IMG-20180409-WA0000-300x225.jpg\" \/>\n<meta name=\"twitter:card\" content=\"summary_large_image\" \/>\n<meta name=\"twitter:label1\" content=\"Gesch\u00e4tzte Lesezeit\" \/>\n\t<meta name=\"twitter:data1\" content=\"1 Minute\" \/>\n<script type=\"application\/ld+json\" class=\"yoast-schema-graph\">{\"@context\":\"https:\/\/schema.org\",\"@graph\":[{\"@type\":\"WebPage\",\"@id\":\"https:\/\/www.nedersail.nl\/je-eigen-zeilboot-verhuren\/\",\"url\":\"https:\/\/www.nedersail.nl\/je-eigen-zeilboot-verhuren\/\",\"name\":\"Je eigen boot verhuren | Nedersail\",\"isPartOf\":{\"@id\":\"https:\/\/www.nedersail.nl\/#website\"},\"datePublished\":\"2018-11-13T14:23:57+00:00\",\"dateModified\":\"2022-09-16T10:17:28+00:00\",\"description\":\"Je eigen boot verhuren? Een zeilboot bezitten maar niet de zorgen? Dat kan bij Nedersail. Bij ons kan uw zeilboot ondergebracht worden in onze vloot en\",\"breadcrumb\":{\"@id\":\"https:\/\/www.nedersail.nl\/je-eigen-zeilboot-verhuren\/#breadcrumb\"},\"inLanguage\":\"de-DE\",\"potentialAction\":[{\"@type\":\"ReadAction\",\"target\":[\"https:\/\/www.nedersail.nl\/je-eigen-zeilboot-verhuren\/\"]}]},{\"@type\":\"BreadcrumbList\",\"@id\":\"https:\/\/www.nedersail.nl\/je-eigen-zeilboot-verhuren\/#breadcrumb\",\"itemListElement\":[{\"@type\":\"ListItem\",\"position\":1,\"name\":\"Home\",\"item\":\"https:\/\/www.nedersail.nl\/\"},{\"@type\":\"ListItem\",\"position\":2,\"name\":\"Je eigen boot verhuren\"}]},{\"@type\":\"WebSite\",\"@id\":\"https:\/\/www.nedersail.nl\/#website\",\"url\":\"https:\/\/www.nedersail.nl\/\",\"name\":\"Nedersail Bootverhuur\",\"description\":\"verhuur zeilboten\",\"publisher\":{\"@id\":\"https:\/\/www.nedersail.nl\/#organization\"},\"potentialAction\":[{\"@type\":\"SearchAction\",\"target\":{\"@type\":\"EntryPoint\",\"urlTemplate\":\"https:\/\/www.nedersail.nl\/?s={search_term_string}\"},\"query-input\":\"required name=search_term_string\"}],\"inLanguage\":\"de-DE\"},{\"@type\":\"Organization\",\"@id\":\"https:\/\/www.nedersail.nl\/#organization\",\"name\":\"Nedersail Bootverhuur\",\"url\":\"https:\/\/www.nedersail.nl\/\",\"logo\":{\"@type\":\"ImageObject\",\"inLanguage\":\"de-DE\",\"@id\":\"https:\/\/www.nedersail.nl\/#\/schema\/logo\/image\/\",\"url\":\"https:\/\/i1.wp.com\/nedersail.nl\/wp-content\/uploads\/2018\/11\/logo-nedersail-2-voorbeelden-1-1-e1576166904698.png?fit=800%2C823&ssl=1\",\"contentUrl\":\"https:\/\/i1.wp.com\/nedersail.nl\/wp-content\/uploads\/2018\/11\/logo-nedersail-2-voorbeelden-1-1-e1576166904698.png?fit=800%2C823&ssl=1\",\"width\":800,\"height\":823,\"caption\":\"Nedersail Bootverhuur\"},\"image\":{\"@id\":\"https:\/\/www.nedersail.nl\/#\/schema\/logo\/image\/\"},\"sameAs\":[\"https:\/\/www.facebook.com\/nedersail\/\"]}]}<\/script>\n<!-- \/ Yoast SEO Premium plugin. -->","yoast_head_json":{"title":"Je eigen boot verhuren | Nedersail","description":"Je eigen boot verhuren? Een zeilboot bezitten maar niet de zorgen? Dat kan bij Nedersail. Bij ons kan uw zeilboot ondergebracht worden in onze vloot en","robots":{"index":"index","follow":"follow","max-snippet":"max-snippet:-1","max-image-preview":"max-image-preview:large","max-video-preview":"max-video-preview:-1"},"canonical":"https:\/\/www.nedersail.nl\/de\/je-eigen-zeilboot-verhuren\/","og_locale":"de_DE","og_type":"article","og_title":"Je eigen boot verhuren","og_description":"Je eigen boot verhuren? Een zeilboot bezitten maar niet de zorgen? Dat kan bij Nedersail. Bij ons kan uw zeilboot ondergebracht worden in onze vloot en","og_url":"https:\/\/www.nedersail.nl\/de\/je-eigen-zeilboot-verhuren\/","og_site_name":"Nedersail","article_publisher":"https:\/\/www.facebook.com\/nedersail\/","article_modified_time":"2022-09-16T10:17:28+00:00","og_image":[{"url":"https:\/\/www.nedersail.nl\/wp-content\/uploads\/2019\/03\/IMG-20180409-WA0000-300x225.jpg"}],"twitter_card":"summary_large_image","twitter_misc":{"Gesch\u00e4tzte Lesezeit":"1 Minute"},"schema":{"@context":"https:\/\/schema.org","@graph":[{"@type":"WebPage","@id":"https:\/\/www.nedersail.nl\/je-eigen-zeilboot-verhuren\/","url":"https:\/\/www.nedersail.nl\/je-eigen-zeilboot-verhuren\/","name":"Je eigen boot verhuren | Nedersail","isPartOf":{"@id":"https:\/\/www.nedersail.nl\/#website"},"datePublished":"2018-11-13T14:23:57+00:00","dateModified":"2022-09-16T10:17:28+00:00","description":"Je eigen boot verhuren? Een zeilboot bezitten maar niet de zorgen? Dat kan bij Nedersail. Bij ons kan uw zeilboot ondergebracht worden in onze vloot en","breadcrumb":{"@id":"https:\/\/www.nedersail.nl\/je-eigen-zeilboot-verhuren\/#breadcrumb"},"inLanguage":"de-DE","potentialAction":[{"@type":"ReadAction","target":["https:\/\/www.nedersail.nl\/je-eigen-zeilboot-verhuren\/"]}]},{"@type":"BreadcrumbList","@id":"https:\/\/www.nedersail.nl\/je-eigen-zeilboot-verhuren\/#breadcrumb","itemListElement":[{"@type":"ListItem","position":1,"name":"Home","item":"https:\/\/www.nedersail.nl\/"},{"@type":"ListItem","position":2,"name":"Je eigen boot verhuren"}]},{"@type":"WebSite","@id":"https:\/\/www.nedersail.nl\/#website","url":"https:\/\/www.nedersail.nl\/","name":"Nedersail Bootverhuur","description":"verhuur zeilboten","publisher":{"@id":"https:\/\/www.nedersail.nl\/#organization"},"potentialAction":[{"@type":"SearchAction","target":{"@type":"EntryPoint","urlTemplate":"https:\/\/www.nedersail.nl\/?s={search_term_string}"},"query-input":"required name=search_term_string"}],"inLanguage":"de-DE"},{"@type":"Organization","@id":"https:\/\/www.nedersail.nl\/#organization","name":"Nedersail Bootverhuur","url":"https:\/\/www.nedersail.nl\/","logo":{"@type":"ImageObject","inLanguage":"de-DE","@id":"https:\/\/www.nedersail.nl\/#\/schema\/logo\/image\/","url":"https:\/\/i1.wp.com\/nedersail.nl\/wp-content\/uploads\/2018\/11\/logo-nedersail-2-voorbeelden-1-1-e1576166904698.png?fit=800%2C823&ssl=1","contentUrl":"https:\/\/i1.wp.com\/nedersail.nl\/wp-content\/uploads\/2018\/11\/logo-nedersail-2-voorbeelden-1-1-e1576166904698.png?fit=800%2C823&ssl=1","width":800,"height":823,"caption":"Nedersail Bootverhuur"},"image":{"@id":"https:\/\/www.nedersail.nl\/#\/schema\/logo\/image\/"},"sameAs":["https:\/\/www.facebook.com\/nedersail\/"]}]}},"_links":{"self":[{"href":"https:\/\/www.nedersail.nl\/de\/wp-json\/wp\/v2\/pages\/281"}],"collection":[{"href":"https:\/\/www.nedersail.nl\/de\/wp-json\/wp\/v2\/pages"}],"about":[{"href":"https:\/\/www.nedersail.nl\/de\/wp-json\/wp\/v2\/types\/page"}],"author":[{"embeddable":true,"href":"https:\/\/www.nedersail.nl\/de\/wp-json\/wp\/v2\/users\/4"}],"replies":[{"embeddable":true,"href":"https:\/\/www.nedersail.nl\/de\/wp-json\/wp\/v2\/comments?post=281"}],"version-history":[{"count":3,"href":"https:\/\/www.nedersail.nl\/de\/wp-json\/wp\/v2\/pages\/281\/revisions"}],"predecessor-version":[{"id":2647,"href":"https:\/\/www.nedersail.nl\/de\/wp-json\/wp\/v2\/pages\/281\/revisions\/2647"}],"wp:attachment":[{"href":"https:\/\/www.nedersail.nl\/de\/wp-json\/wp\/v2\/media?parent=281"}],"curies":[{"name":"wp","href":"https:\/\/api.w.org\/{rel}","templated":true}]}}